{"id":61,"date":"2018-12-01T14:43:32","date_gmt":"2018-12-01T13:43:32","guid":{"rendered":"https:\/\/abcdessinpeinture.wordpress.com\/?page_id=61"},"modified":"2025-07-26T11:53:18","modified_gmt":"2025-07-26T09:53:18","slug":"tarifshoraires","status":"publish","type":"page","link":"https:\/\/www.abc-dessin-peinture.com\/index.php\/tarifshoraires\/","title":{"rendered":""},"content":{"rendered":"\t\t<div data-elementor-type=\"wp-post\" data-elementor-id=\"61\" class=\"elementor elementor-61\">\n\t\t\t\t\t\t<section class=\"elementor-section elementor-top-section elementor-element elementor-element-04149e4 elementor-section-boxed elementor-section-height-default elementor-section-height-default\" data-id=\"04149e4\" data-element_type=\"section\">\n\t\t\t\t\t\t<div class=\"elementor-container elementor-column-gap-default\">\n\t\t\t\t\t<div class=\"elementor-column elementor-col-100 elementor-top-column elementor-element elementor-element-b4f1736\" data-id=\"b4f1736\" data-element_type=\"column\">\n\t\t\t<div class=\"elementor-widget-wrap elementor-element-populated\">\n\t\t\t\t\t\t<div class=\"elementor-element elementor-element-12d36f7 elementor-widget elementor-widget-text-editor\" data-id=\"12d36f7\" data-element_type=\"widget\" data-widget_type=\"text-editor.default\">\n\t\t\t\t<div class=\"elementor-widget-container\">\n\t\t\t\t\t\t\t\t\t<h1 style=\"font-style: normal;\">Tarifs<\/h1>\n<p><span style=\"color: #000000;\"><strong>Formule 1*<\/strong><\/span><br>Une journ\u00e9e de cours (5 heures) espac\u00e9e de 2 \u00e0 4 semaines selon le calendrier avec des travaux \u00e0 r\u00e9aliser \u00e0 la maison.<br>(Formule adapt\u00e9e aux personnes ayant d\u00e9j\u00e0 un peu d&rsquo;exp\u00e9rience)<br>Tarif 1 : 4 cours (20 heures) renouvelables -&gt; 216\u20ac (Inscription possible toute l&rsquo;ann\u00e9e)<br>Tarif 2 : \u00c0 l&rsquo;ann\u00e9e -&gt; 600\u20ac<\/p>\n<p><span style=\"color: #000000;\"><strong>Formule 2*<\/strong><\/span><br>3 heures de cours 2 jours par mois avec des travaux \u00e0 r\u00e9aliser \u00e0 la maison.<br>Tarif 1 : 6 cours (18 heures) renouvelables -&gt; 210\u20ac (Inscription possible toute l&rsquo;ann\u00e9e)<br>Tarif 2 : \u00c0 l&rsquo;ann\u00e9e -&gt; 594\u20ac<\/p>\n<p>Cours d&rsquo;essai 3 heures : 35\u20ac<br>Cours d&rsquo;essai 5 heures : 54\u20ac<\/p>\n<p><span style=\"color: #000000;\">* Formule non \u00e0 la carte. L&rsquo;inscription \u00e0 une formule engage l&rsquo;\u00e9l\u00e8ve \u00e0 \u00eatre assidu.<\/span><br><span style=\"color: #000000;\">Une absence sera d\u00e9compt\u00e9e comme un cours. En revanche, il sera possible de le remplacer dans un autre cr\u00e9neau, en fonction des places disponibles.<\/span><br><span style=\"color: #000000;\"><em><strong><u>Aucun cours ne pourra \u00eatre remplac\u00e9 au-del\u00e0 de l&rsquo;\u00e9ch\u00e9ance de votre forfait<\/u>.<br><\/strong><\/em><\/span><strong><u><span style=\"color: #000000;\"><span style=\"caret-color: #000000;\"><i>En cas d&rsquo;absence, aucun cours ne pourra \u00eatre rembours\u00e9.<\/i><\/span><\/span><br><span style=\"color: #000000;\"><span style=\"caret-color: #000000;\"><i>Une formule renouvelable ne peut pas \u00eatre transform\u00e9e en cours d&rsquo;ann\u00e9e en une formule \u00e0 l&rsquo;ann\u00e9e.<\/i><\/span><\/span><\/u><\/strong><\/p>\t\t\t\t\t\t\t\t<\/div>\n\t\t\t\t<\/div>\n\t\t\t\t<div class=\"elementor-element elementor-element-cce332a elementor-widget elementor-widget-text-editor\" data-id=\"cce332a\" data-element_type=\"widget\" data-widget_type=\"text-editor.default\">\n\t\t\t\t<div class=\"elementor-widget-container\">\n\t\t\t\t\t\t\t\t\t<h1>Planning 2025 \/ 2026<\/h1>\t\t\t\t\t\t\t\t<\/div>\n\t\t\t\t<\/div>\n\t\t\t\t<div class=\"elementor-element elementor-element-cb6cbd8 elementor-widget elementor-widget-image\" data-id=\"cb6cbd8\" data-element_type=\"widget\" data-widget_type=\"image.default\">\n\t\t\t\t<div class=\"elementor-widget-container\">\n\t\t\t\t\t\t\t\t\t\t\t\t\t\t\t\t<a href=\"https:\/\/www.abc-dessin-peinture.com\/wp-content\/uploads\/2025\/07\/PlANNING-2025-2026-Calendrier-scolaire-2025-2026_jpeg-scaled.jpg\" data-elementor-open-lightbox=\"yes\" data-elementor-lightbox-title=\"PlANNING 2025-2026 - Calendrier scolaire 2025-2026_jpeg\" data-e-action-hash=\"#elementor-action%3Aaction%3Dlightbox%26settings%3DeyJpZCI6NzczLCJ1cmwiOiJodHRwczpcL1wvd3d3LmFiYy1kZXNzaW4tcGVpbnR1cmUuY29tXC93cC1jb250ZW50XC91cGxvYWRzXC8yMDI1XC8wN1wvUGxBTk5JTkctMjAyNS0yMDI2LUNhbGVuZHJpZXItc2NvbGFpcmUtMjAyNS0yMDI2X2pwZWctc2NhbGVkLmpwZyJ9\">\n\t\t\t\t\t\t\t<img fetchpriority=\"high\" decoding=\"async\" width=\"2048\" height=\"1447\" src=\"https:\/\/www.abc-dessin-peinture.com\/wp-content\/uploads\/2025\/07\/PlANNING-2025-2026-Calendrier-scolaire-2025-2026_jpeg-2048x1447.jpg\" class=\"attachment-2048x2048 size-2048x2048 wp-image-773\" alt=\"\" srcset=\"https:\/\/www.abc-dessin-peinture.com\/wp-content\/uploads\/2025\/07\/PlANNING-2025-2026-Calendrier-scolaire-2025-2026_jpeg-2048x1447.jpg 2048w, https:\/\/www.abc-dessin-peinture.com\/wp-content\/uploads\/2025\/07\/PlANNING-2025-2026-Calendrier-scolaire-2025-2026_jpeg-300x212.jpg 300w, https:\/\/www.abc-dessin-peinture.com\/wp-content\/uploads\/2025\/07\/PlANNING-2025-2026-Calendrier-scolaire-2025-2026_jpeg-1024x724.jpg 1024w, https:\/\/www.abc-dessin-peinture.com\/wp-content\/uploads\/2025\/07\/PlANNING-2025-2026-Calendrier-scolaire-2025-2026_jpeg-768x543.jpg 768w, https:\/\/www.abc-dessin-peinture.com\/wp-content\/uploads\/2025\/07\/PlANNING-2025-2026-Calendrier-scolaire-2025-2026_jpeg-1536x1086.jpg 1536w\" sizes=\"(max-width: 2048px) 100vw, 2048px\" \/>\t\t\t\t\t\t\t\t<\/a>\n\t\t\t\t\t\t\t\t\t\t\t\t\t\t\t<\/div>\n\t\t\t\t<\/div>\n\t\t\t\t<div class=\"elementor-element elementor-element-28218c8 elementor-widget elementor-widget-text-editor\" data-id=\"28218c8\" data-element_type=\"widget\" data-widget_type=\"text-editor.default\">\n\t\t\t\t<div class=\"elementor-widget-container\">\n\t\t\t\t\t\t\t\t\t<h1>Horaires<\/h1>\n<p><span style=\"color: #cc99ff;\"><strong>Formule \u00e0 5 heures&nbsp;<\/strong><\/span><br>De 10 h \u00e0 15 h 45<br>Pause d\u00e9jeuner sur place de&nbsp;<span style=\"color: var( --e-global-color-text ); font-family: var( --e-global-typography-text-font-family ), Didact Gothic;\">12 h 30 \u00e0 13 h 15 <\/span><span style=\"color: var( --e-global-color-text ); font-family: var( --e-global-typography-text-font-family ), Didact Gothic;\">(Repas non fourni)<\/span><\/p>\n<p><span style=\"color: #ff9900;\"><strong>Formule \u00e0 3 heures<\/strong><\/span><br><span style=\"color: #000000;\"><em>Mardi<\/em><\/span><br>9h \/ 12h<br>14h \/ 17h<\/p>\n<p><span style=\"color: #000000;\"><em>Mercredi<\/em><\/span><br>9h \/ 12h<br>14h \/ 17h<br><\/p>\t\t\t\t\t\t\t\t<\/div>\n\t\t\t\t<\/div>\n\t\t\t\t\t<\/div>\n\t\t<\/div>\n\t\t\t\t\t<\/div>\n\t\t<\/section>\n\t\t\t\t<\/div>\n\t\t","protected":false},"excerpt":{"rendered":"<p>Tarifs Formule 1*Une journ\u00e9e de cours (5 heures) espac\u00e9e de 2 \u00e0 4 semaines selon le calendrier avec des travaux \u00e0 r\u00e9aliser \u00e0 la maison.(Formule adapt\u00e9e aux personnes ayant d\u00e9j\u00e0 un peu d&rsquo;exp\u00e9rience)Tarif 1 : 4 cours (20 heures) renouvelables -&gt; 216\u20ac (Inscription possible toute l&rsquo;ann\u00e9e)Tarif 2 : \u00c0 l&rsquo;ann\u00e9e -&gt; 600\u20ac Formule 2*3 heures &#8230; <a title=\"\" class=\"read-more\" href=\"https:\/\/www.abc-dessin-peinture.com\/index.php\/tarifshoraires\/\">Read more<\/a><\/p>\n","protected":false},"author":2,"featured_media":0,"parent":0,"menu_order":0,"comment_status":"closed","ping_status":"closed","template":"","meta":{"footnotes":""},"class_list":["post-61","page","type-page","status-publish"],"yoast_head":"<!-- This site is optimized with the Yoast SEO plugin v25.5 - https:\/\/yoast.com\/wordpress\/plugins\/seo\/ -->\n<title>abc-dessin-peinture<\/title>\n<meta name=\"description\" content=\"Tous les horaires sont indiqu\u00e9s. Formule 12 s\u00e9ances \u00e0 renouveler ou 36 s\u00e9ances selon votre choix. Pour les stages, informez vous !\" \/>\n<meta name=\"robots\" content=\"index, follow, max-snippet:-1, max-image-preview:large, max-video-preview:-1\" \/>\n<link rel=\"canonical\" href=\"https:\/\/www.abc-dessin-peinture.com\/index.php\/tarifshoraires\/\" \/>\n<meta property=\"og:locale\" content=\"fr_FR\" \/>\n<meta property=\"og:type\" content=\"article\" \/>\n<meta property=\"og:title\" content=\"abc-dessin-peinture\" \/>\n<meta property=\"og:description\" content=\"Tous les horaires sont indiqu\u00e9s. Formule 12 s\u00e9ances \u00e0 renouveler ou 36 s\u00e9ances selon votre choix. Pour les stages, informez vous !\" \/>\n<meta property=\"og:url\" content=\"https:\/\/www.abc-dessin-peinture.com\/index.php\/tarifshoraires\/\" \/>\n<meta property=\"og:site_name\" content=\"abc-dessin-peinture\" \/>\n<meta property=\"article:publisher\" content=\"https:\/\/www.facebook.com\/pages\/category\/Performing-Arts-School\/Abc-dessin-peinture-1600421256882663\/\" \/>\n<meta property=\"article:modified_time\" content=\"2025-07-26T09:53:18+00:00\" \/>\n<meta property=\"og:image\" content=\"https:\/\/www.abc-dessin-peinture.com\/wp-content\/uploads\/2025\/07\/PlANNING-2025-2026-Calendrier-scolaire-2025-2026_jpeg-scaled.jpg\" \/>\n\t<meta property=\"og:image:width\" content=\"2560\" \/>\n\t<meta property=\"og:image:height\" content=\"1809\" \/>\n\t<meta property=\"og:image:type\" content=\"image\/jpeg\" \/>\n<meta name=\"twitter:card\" content=\"summary_large_image\" \/>\n<meta name=\"twitter:label1\" content=\"Dur\u00e9e de lecture estim\u00e9e\" \/>\n\t<meta name=\"twitter:data1\" content=\"2 minutes\" \/>\n<script type=\"application\/ld+json\" class=\"yoast-schema-graph\">{\"@context\":\"https:\/\/schema.org\",\"@graph\":[{\"@type\":\"WebPage\",\"@id\":\"https:\/\/www.abc-dessin-peinture.com\/index.php\/tarifshoraires\/\",\"url\":\"https:\/\/www.abc-dessin-peinture.com\/index.php\/tarifshoraires\/\",\"name\":\"abc-dessin-peinture\",\"isPartOf\":{\"@id\":\"https:\/\/www.abc-dessin-peinture.com\/#website\"},\"primaryImageOfPage\":{\"@id\":\"https:\/\/www.abc-dessin-peinture.com\/index.php\/tarifshoraires\/#primaryimage\"},\"image\":{\"@id\":\"https:\/\/www.abc-dessin-peinture.com\/index.php\/tarifshoraires\/#primaryimage\"},\"thumbnailUrl\":\"https:\/\/www.abc-dessin-peinture.com\/wp-content\/uploads\/2025\/07\/PlANNING-2025-2026-Calendrier-scolaire-2025-2026_jpeg-2048x1447.jpg\",\"datePublished\":\"2018-12-01T13:43:32+00:00\",\"dateModified\":\"2025-07-26T09:53:18+00:00\",\"description\":\"Tous les horaires sont indiqu\u00e9s. Formule 12 s\u00e9ances \u00e0 renouveler ou 36 s\u00e9ances selon votre choix. Pour les stages, informez vous !\",\"inLanguage\":\"fr-FR\",\"potentialAction\":[{\"@type\":\"ReadAction\",\"target\":[\"https:\/\/www.abc-dessin-peinture.com\/index.php\/tarifshoraires\/\"]}]},{\"@type\":\"ImageObject\",\"inLanguage\":\"fr-FR\",\"@id\":\"https:\/\/www.abc-dessin-peinture.com\/index.php\/tarifshoraires\/#primaryimage\",\"url\":\"https:\/\/www.abc-dessin-peinture.com\/wp-content\/uploads\/2025\/07\/PlANNING-2025-2026-Calendrier-scolaire-2025-2026_jpeg-scaled.jpg\",\"contentUrl\":\"https:\/\/www.abc-dessin-peinture.com\/wp-content\/uploads\/2025\/07\/PlANNING-2025-2026-Calendrier-scolaire-2025-2026_jpeg-scaled.jpg\",\"width\":2560,\"height\":1809},{\"@type\":\"WebSite\",\"@id\":\"https:\/\/www.abc-dessin-peinture.com\/#website\",\"url\":\"https:\/\/www.abc-dessin-peinture.com\/\",\"name\":\"abc-dessin-peinture\",\"description\":\"\",\"publisher\":{\"@id\":\"https:\/\/www.abc-dessin-peinture.com\/#organization\"},\"potentialAction\":[{\"@type\":\"SearchAction\",\"target\":{\"@type\":\"EntryPoint\",\"urlTemplate\":\"https:\/\/www.abc-dessin-peinture.com\/?s={search_term_string}\"},\"query-input\":{\"@type\":\"PropertyValueSpecification\",\"valueRequired\":true,\"valueName\":\"search_term_string\"}}],\"inLanguage\":\"fr-FR\"},{\"@type\":\"Organization\",\"@id\":\"https:\/\/www.abc-dessin-peinture.com\/#organization\",\"name\":\"abc dessin peinture\",\"url\":\"https:\/\/www.abc-dessin-peinture.com\/\",\"logo\":{\"@type\":\"ImageObject\",\"inLanguage\":\"fr-FR\",\"@id\":\"https:\/\/www.abc-dessin-peinture.com\/#\/schema\/logo\/image\/\",\"url\":\"https:\/\/www.abc-dessin-peinture.com\/wp-content\/uploads\/2018\/12\/cropped-logo1.png\",\"contentUrl\":\"https:\/\/www.abc-dessin-peinture.com\/wp-content\/uploads\/2018\/12\/cropped-logo1.png\",\"width\":405,\"height\":87,\"caption\":\"abc dessin peinture\"},\"image\":{\"@id\":\"https:\/\/www.abc-dessin-peinture.com\/#\/schema\/logo\/image\/\"},\"sameAs\":[\"https:\/\/www.facebook.com\/pages\/category\/Performing-Arts-School\/Abc-dessin-peinture-1600421256882663\/\"]}]}<\/script>\n<!-- \/ Yoast SEO plugin. -->","yoast_head_json":{"title":"abc-dessin-peinture","description":"Tous les horaires sont indiqu\u00e9s. Formule 12 s\u00e9ances \u00e0 renouveler ou 36 s\u00e9ances selon votre choix. Pour les stages, informez vous !","robots":{"index":"index","follow":"follow","max-snippet":"max-snippet:-1","max-image-preview":"max-image-preview:large","max-video-preview":"max-video-preview:-1"},"canonical":"https:\/\/www.abc-dessin-peinture.com\/index.php\/tarifshoraires\/","og_locale":"fr_FR","og_type":"article","og_title":"abc-dessin-peinture","og_description":"Tous les horaires sont indiqu\u00e9s. Formule 12 s\u00e9ances \u00e0 renouveler ou 36 s\u00e9ances selon votre choix. Pour les stages, informez vous !","og_url":"https:\/\/www.abc-dessin-peinture.com\/index.php\/tarifshoraires\/","og_site_name":"abc-dessin-peinture","article_publisher":"https:\/\/www.facebook.com\/pages\/category\/Performing-Arts-School\/Abc-dessin-peinture-1600421256882663\/","article_modified_time":"2025-07-26T09:53:18+00:00","og_image":[{"width":2560,"height":1809,"url":"https:\/\/www.abc-dessin-peinture.com\/wp-content\/uploads\/2025\/07\/PlANNING-2025-2026-Calendrier-scolaire-2025-2026_jpeg-scaled.jpg","type":"image\/jpeg"}],"twitter_card":"summary_large_image","twitter_misc":{"Dur\u00e9e de lecture estim\u00e9e":"2 minutes"},"schema":{"@context":"https:\/\/schema.org","@graph":[{"@type":"WebPage","@id":"https:\/\/www.abc-dessin-peinture.com\/index.php\/tarifshoraires\/","url":"https:\/\/www.abc-dessin-peinture.com\/index.php\/tarifshoraires\/","name":"abc-dessin-peinture","isPartOf":{"@id":"https:\/\/www.abc-dessin-peinture.com\/#website"},"primaryImageOfPage":{"@id":"https:\/\/www.abc-dessin-peinture.com\/index.php\/tarifshoraires\/#primaryimage"},"image":{"@id":"https:\/\/www.abc-dessin-peinture.com\/index.php\/tarifshoraires\/#primaryimage"},"thumbnailUrl":"https:\/\/www.abc-dessin-peinture.com\/wp-content\/uploads\/2025\/07\/PlANNING-2025-2026-Calendrier-scolaire-2025-2026_jpeg-2048x1447.jpg","datePublished":"2018-12-01T13:43:32+00:00","dateModified":"2025-07-26T09:53:18+00:00","description":"Tous les horaires sont indiqu\u00e9s. Formule 12 s\u00e9ances \u00e0 renouveler ou 36 s\u00e9ances selon votre choix. Pour les stages, informez vous !","inLanguage":"fr-FR","potentialAction":[{"@type":"ReadAction","target":["https:\/\/www.abc-dessin-peinture.com\/index.php\/tarifshoraires\/"]}]},{"@type":"ImageObject","inLanguage":"fr-FR","@id":"https:\/\/www.abc-dessin-peinture.com\/index.php\/tarifshoraires\/#primaryimage","url":"https:\/\/www.abc-dessin-peinture.com\/wp-content\/uploads\/2025\/07\/PlANNING-2025-2026-Calendrier-scolaire-2025-2026_jpeg-scaled.jpg","contentUrl":"https:\/\/www.abc-dessin-peinture.com\/wp-content\/uploads\/2025\/07\/PlANNING-2025-2026-Calendrier-scolaire-2025-2026_jpeg-scaled.jpg","width":2560,"height":1809},{"@type":"WebSite","@id":"https:\/\/www.abc-dessin-peinture.com\/#website","url":"https:\/\/www.abc-dessin-peinture.com\/","name":"abc-dessin-peinture","description":"","publisher":{"@id":"https:\/\/www.abc-dessin-peinture.com\/#organization"},"potentialAction":[{"@type":"SearchAction","target":{"@type":"EntryPoint","urlTemplate":"https:\/\/www.abc-dessin-peinture.com\/?s={search_term_string}"},"query-input":{"@type":"PropertyValueSpecification","valueRequired":true,"valueName":"search_term_string"}}],"inLanguage":"fr-FR"},{"@type":"Organization","@id":"https:\/\/www.abc-dessin-peinture.com\/#organization","name":"abc dessin peinture","url":"https:\/\/www.abc-dessin-peinture.com\/","logo":{"@type":"ImageObject","inLanguage":"fr-FR","@id":"https:\/\/www.abc-dessin-peinture.com\/#\/schema\/logo\/image\/","url":"https:\/\/www.abc-dessin-peinture.com\/wp-content\/uploads\/2018\/12\/cropped-logo1.png","contentUrl":"https:\/\/www.abc-dessin-peinture.com\/wp-content\/uploads\/2018\/12\/cropped-logo1.png","width":405,"height":87,"caption":"abc dessin peinture"},"image":{"@id":"https:\/\/www.abc-dessin-peinture.com\/#\/schema\/logo\/image\/"},"sameAs":["https:\/\/www.facebook.com\/pages\/category\/Performing-Arts-School\/Abc-dessin-peinture-1600421256882663\/"]}]}},"_links":{"self":[{"href":"https:\/\/www.abc-dessin-peinture.com\/index.php\/wp-json\/wp\/v2\/pages\/61","targetHints":{"allow":["GET"]}}],"collection":[{"href":"https:\/\/www.abc-dessin-peinture.com\/index.php\/wp-json\/wp\/v2\/pages"}],"about":[{"href":"https:\/\/www.abc-dessin-peinture.com\/index.php\/wp-json\/wp\/v2\/types\/page"}],"author":[{"embeddable":true,"href":"https:\/\/www.abc-dessin-peinture.com\/index.php\/wp-json\/wp\/v2\/users\/2"}],"replies":[{"embeddable":true,"href":"https:\/\/www.abc-dessin-peinture.com\/index.php\/wp-json\/wp\/v2\/comments?post=61"}],"version-history":[{"count":107,"href":"https:\/\/www.abc-dessin-peinture.com\/index.php\/wp-json\/wp\/v2\/pages\/61\/revisions"}],"predecessor-version":[{"id":786,"href":"https:\/\/www.abc-dessin-peinture.com\/index.php\/wp-json\/wp\/v2\/pages\/61\/revisions\/786"}],"wp:attachment":[{"href":"https:\/\/www.abc-dessin-peinture.com\/index.php\/wp-json\/wp\/v2\/media?parent=61"}],"curies":[{"name":"wp","href":"https:\/\/api.w.org\/{rel}","templated":true}]}}