{"id":57,"date":"2018-12-01T14:42:46","date_gmt":"2018-12-01T13:42:46","guid":{"rendered":"https:\/\/abcdessinpeinture.wordpress.com\/?page_id=57"},"modified":"2025-07-26T11:51:50","modified_gmt":"2025-07-26T09:51:50","slug":"atelier","status":"publish","type":"page","link":"https:\/\/www.abc-dessin-peinture.com\/index.php\/atelier\/","title":{"rendered":""},"content":{"rendered":"<h2><span style=\"color: #3a9de0;\">Le professeur<\/span><\/h2>\n<h3><span style=\"color: #3a9de0;\">Nadine Denjean<\/span><\/h3>\n<p><a href=\"https:\/\/nadinedenjean.com\">(voir le site de Nadine Denjean)<\/a><\/p>\n<p>Nadine Denjean est une artiste peintre fran\u00e7aise qui vit et travaille \u00e0 Pessac.<\/p>\n<p>Elle a \u00e9tudi\u00e9 la musique au Conservatoire de Nantes puis a exerc\u00e9 son m\u00e9tier de musicienne dans diff\u00e9rents orchestres bordelais.<\/p>\n<p>Sa passion pour les arts la conduit vers la peinture : son nouveau moyen d&rsquo;expression. Elle se forme aupr\u00e8s du peintre bordelais Jean-Pierre Beyries. Depuis, elle a ouvert son atelier d&rsquo;art o\u00f9 elle travaille \u00e0 ses cr\u00e9ations et \u00e0 la transmission de son savoir-faire.<\/p>\n<p>La connaissance et la ma\u00eetrise de ces deux arts, conjugu\u00e9es \u00e0 sa longue pratique de l&rsquo;enseignement, font d&rsquo;elle un professeur exp\u00e9riment\u00e9.<\/p>\n<p>Du d\u00e9butant au plus confirm\u00e9, elle vous accueille \u00e0 abc-dessin-peinture, afin de vous faire d\u00e9couvrir ou approfondir cet univers merveilleux qu&rsquo;est le dessin.<\/p>\n<hr \/>\n<h2><span style=\"color: #3a9de0;\">Les cours<\/span><\/h2>\n<p>Les cours fonctionnent \u00e0 horaires fixes. Plusieurs formules sont propos\u00e9es (<a href=\"https:\/\/www.abc-dessin-peinture.com\/wp-content\/uploads\/2025\/07\/PlANNING-2025-2026-Calendrier-scolaire-2025-2026_pdf-1.pdf\">voir le calendrier<\/a>). Selon votre choix vous pourrez vous initier, apprendre, ou approfondir diff\u00e9rentes techniques.<\/p>\n<ol>\n<li>Techniques s\u00e8ches :<br \/>\nLe graphite, la sanguine, la pierre noire, les crayons de couleurs, les crayons aquarellables, le feutre, le fusain, les techniques avec rehauts de blanc, le pastel sec&#8230;<\/li>\n<li>Les encres :<br \/>\nLe dessin \u00e0 la plume, le lavis, l&rsquo;encre de chine, le s\u00e9pia, les encres aquarellables&#8230;<\/li>\n<li>Les peintures :<br \/>\nL&rsquo;aquarelle, la gouache, l&rsquo;acrylique, l&rsquo;huile.<\/li>\n<\/ol>\n<p>La plupart de ces techniques peuvent se travailler ensemble. On les appelle alors, techniques mixtes.<\/p>\n<p>Des cours de mod\u00e8le vivant, des cours en ext\u00e9rieur pour l&rsquo;\u00e9tude du croquis ou du paysage, vous seront r\u00e9guli\u00e8rement propos\u00e9s.<\/p>\n<p>Pour les stages, voir les modalit\u00e9s avec le professeur.<\/p>\n<hr \/>\n<h2><span style=\"color: #3a9de0;\">Le mat\u00e9riel<\/span><\/h2>\n<p>Le mat\u00e9riel n&rsquo;est pas fourni. Une liste sera remise lors de l&rsquo;inscription.<\/p>\n","protected":false},"excerpt":{"rendered":"<p>Le professeur Nadine Denjean (voir le site de Nadine Denjean) Nadine Denjean est une artiste peintre fran\u00e7aise qui vit et travaille \u00e0 Pessac. Elle a \u00e9tudi\u00e9 la musique au Conservatoire de Nantes puis a exerc\u00e9 son m\u00e9tier de musicienne dans diff\u00e9rents orchestres bordelais. Sa passion pour les arts la conduit vers la peinture : son &#8230; <a title=\"\" class=\"read-more\" href=\"https:\/\/www.abc-dessin-peinture.com\/index.php\/atelier\/\">Read more<\/a><\/p>\n","protected":false},"author":2,"featured_media":0,"parent":0,"menu_order":0,"comment_status":"closed","ping_status":"closed","template":"","meta":{"footnotes":""},"class_list":["post-57","page","type-page","status-publish"],"yoast_head":"<!-- This site is optimized with the Yoast SEO plugin v25.5 - https:\/\/yoast.com\/wordpress\/plugins\/seo\/ -->\n<title>abc-dessin-peinture<\/title>\n<meta name=\"description\" content=\"Nadine Denjean, gr\u00e2ce \u00e0 son experience d&#039;artiste et de l&#039;enseignement, vous propose de d\u00e9couvrir les arts graphiques et picturaux.\" \/>\n<meta name=\"robots\" content=\"index, follow, max-snippet:-1, max-image-preview:large, max-video-preview:-1\" \/>\n<link rel=\"canonical\" href=\"https:\/\/www.abc-dessin-peinture.com\/index.php\/atelier\/\" \/>\n<meta property=\"og:locale\" content=\"fr_FR\" \/>\n<meta property=\"og:type\" content=\"article\" \/>\n<meta property=\"og:title\" content=\"abc-dessin-peinture\" \/>\n<meta property=\"og:description\" content=\"Nadine Denjean, gr\u00e2ce \u00e0 son experience d&#039;artiste et de l&#039;enseignement, vous propose de d\u00e9couvrir les arts graphiques et picturaux.\" \/>\n<meta property=\"og:url\" content=\"https:\/\/www.abc-dessin-peinture.com\/index.php\/atelier\/\" \/>\n<meta property=\"og:site_name\" content=\"abc-dessin-peinture\" \/>\n<meta property=\"article:publisher\" content=\"https:\/\/www.facebook.com\/pages\/category\/Performing-Arts-School\/Abc-dessin-peinture-1600421256882663\/\" \/>\n<meta property=\"article:modified_time\" content=\"2025-07-26T09:51:50+00:00\" \/>\n<meta name=\"twitter:card\" content=\"summary_large_image\" \/>\n<meta name=\"twitter:label1\" content=\"Dur\u00e9e de lecture estim\u00e9e\" \/>\n\t<meta name=\"twitter:data1\" content=\"2 minutes\" \/>\n<script type=\"application\/ld+json\" class=\"yoast-schema-graph\">{\"@context\":\"https:\/\/schema.org\",\"@graph\":[{\"@type\":\"WebPage\",\"@id\":\"https:\/\/www.abc-dessin-peinture.com\/index.php\/atelier\/\",\"url\":\"https:\/\/www.abc-dessin-peinture.com\/index.php\/atelier\/\",\"name\":\"abc-dessin-peinture\",\"isPartOf\":{\"@id\":\"https:\/\/www.abc-dessin-peinture.com\/#website\"},\"datePublished\":\"2018-12-01T13:42:46+00:00\",\"dateModified\":\"2025-07-26T09:51:50+00:00\",\"description\":\"Nadine Denjean, gr\u00e2ce \u00e0 son experience d'artiste et de l'enseignement, vous propose de d\u00e9couvrir les arts graphiques et picturaux.\",\"inLanguage\":\"fr-FR\",\"potentialAction\":[{\"@type\":\"ReadAction\",\"target\":[\"https:\/\/www.abc-dessin-peinture.com\/index.php\/atelier\/\"]}]},{\"@type\":\"WebSite\",\"@id\":\"https:\/\/www.abc-dessin-peinture.com\/#website\",\"url\":\"https:\/\/www.abc-dessin-peinture.com\/\",\"name\":\"abc-dessin-peinture\",\"description\":\"\",\"publisher\":{\"@id\":\"https:\/\/www.abc-dessin-peinture.com\/#organization\"},\"potentialAction\":[{\"@type\":\"SearchAction\",\"target\":{\"@type\":\"EntryPoint\",\"urlTemplate\":\"https:\/\/www.abc-dessin-peinture.com\/?s={search_term_string}\"},\"query-input\":{\"@type\":\"PropertyValueSpecification\",\"valueRequired\":true,\"valueName\":\"search_term_string\"}}],\"inLanguage\":\"fr-FR\"},{\"@type\":\"Organization\",\"@id\":\"https:\/\/www.abc-dessin-peinture.com\/#organization\",\"name\":\"abc dessin peinture\",\"url\":\"https:\/\/www.abc-dessin-peinture.com\/\",\"logo\":{\"@type\":\"ImageObject\",\"inLanguage\":\"fr-FR\",\"@id\":\"https:\/\/www.abc-dessin-peinture.com\/#\/schema\/logo\/image\/\",\"url\":\"https:\/\/www.abc-dessin-peinture.com\/wp-content\/uploads\/2018\/12\/cropped-logo1.png\",\"contentUrl\":\"https:\/\/www.abc-dessin-peinture.com\/wp-content\/uploads\/2018\/12\/cropped-logo1.png\",\"width\":405,\"height\":87,\"caption\":\"abc dessin peinture\"},\"image\":{\"@id\":\"https:\/\/www.abc-dessin-peinture.com\/#\/schema\/logo\/image\/\"},\"sameAs\":[\"https:\/\/www.facebook.com\/pages\/category\/Performing-Arts-School\/Abc-dessin-peinture-1600421256882663\/\"]}]}<\/script>\n<!-- \/ Yoast SEO plugin. -->","yoast_head_json":{"title":"abc-dessin-peinture","description":"Nadine Denjean, gr\u00e2ce \u00e0 son experience d'artiste et de l'enseignement, vous propose de d\u00e9couvrir les arts graphiques et picturaux.","robots":{"index":"index","follow":"follow","max-snippet":"max-snippet:-1","max-image-preview":"max-image-preview:large","max-video-preview":"max-video-preview:-1"},"canonical":"https:\/\/www.abc-dessin-peinture.com\/index.php\/atelier\/","og_locale":"fr_FR","og_type":"article","og_title":"abc-dessin-peinture","og_description":"Nadine Denjean, gr\u00e2ce \u00e0 son experience d'artiste et de l'enseignement, vous propose de d\u00e9couvrir les arts graphiques et picturaux.","og_url":"https:\/\/www.abc-dessin-peinture.com\/index.php\/atelier\/","og_site_name":"abc-dessin-peinture","article_publisher":"https:\/\/www.facebook.com\/pages\/category\/Performing-Arts-School\/Abc-dessin-peinture-1600421256882663\/","article_modified_time":"2025-07-26T09:51:50+00:00","twitter_card":"summary_large_image","twitter_misc":{"Dur\u00e9e de lecture estim\u00e9e":"2 minutes"},"schema":{"@context":"https:\/\/schema.org","@graph":[{"@type":"WebPage","@id":"https:\/\/www.abc-dessin-peinture.com\/index.php\/atelier\/","url":"https:\/\/www.abc-dessin-peinture.com\/index.php\/atelier\/","name":"abc-dessin-peinture","isPartOf":{"@id":"https:\/\/www.abc-dessin-peinture.com\/#website"},"datePublished":"2018-12-01T13:42:46+00:00","dateModified":"2025-07-26T09:51:50+00:00","description":"Nadine Denjean, gr\u00e2ce \u00e0 son experience d'artiste et de l'enseignement, vous propose de d\u00e9couvrir les arts graphiques et picturaux.","inLanguage":"fr-FR","potentialAction":[{"@type":"ReadAction","target":["https:\/\/www.abc-dessin-peinture.com\/index.php\/atelier\/"]}]},{"@type":"WebSite","@id":"https:\/\/www.abc-dessin-peinture.com\/#website","url":"https:\/\/www.abc-dessin-peinture.com\/","name":"abc-dessin-peinture","description":"","publisher":{"@id":"https:\/\/www.abc-dessin-peinture.com\/#organization"},"potentialAction":[{"@type":"SearchAction","target":{"@type":"EntryPoint","urlTemplate":"https:\/\/www.abc-dessin-peinture.com\/?s={search_term_string}"},"query-input":{"@type":"PropertyValueSpecification","valueRequired":true,"valueName":"search_term_string"}}],"inLanguage":"fr-FR"},{"@type":"Organization","@id":"https:\/\/www.abc-dessin-peinture.com\/#organization","name":"abc dessin peinture","url":"https:\/\/www.abc-dessin-peinture.com\/","logo":{"@type":"ImageObject","inLanguage":"fr-FR","@id":"https:\/\/www.abc-dessin-peinture.com\/#\/schema\/logo\/image\/","url":"https:\/\/www.abc-dessin-peinture.com\/wp-content\/uploads\/2018\/12\/cropped-logo1.png","contentUrl":"https:\/\/www.abc-dessin-peinture.com\/wp-content\/uploads\/2018\/12\/cropped-logo1.png","width":405,"height":87,"caption":"abc dessin peinture"},"image":{"@id":"https:\/\/www.abc-dessin-peinture.com\/#\/schema\/logo\/image\/"},"sameAs":["https:\/\/www.facebook.com\/pages\/category\/Performing-Arts-School\/Abc-dessin-peinture-1600421256882663\/"]}]}},"_links":{"self":[{"href":"https:\/\/www.abc-dessin-peinture.com\/index.php\/wp-json\/wp\/v2\/pages\/57","targetHints":{"allow":["GET"]}}],"collection":[{"href":"https:\/\/www.abc-dessin-peinture.com\/index.php\/wp-json\/wp\/v2\/pages"}],"about":[{"href":"https:\/\/www.abc-dessin-peinture.com\/index.php\/wp-json\/wp\/v2\/types\/page"}],"author":[{"embeddable":true,"href":"https:\/\/www.abc-dessin-peinture.com\/index.php\/wp-json\/wp\/v2\/users\/2"}],"replies":[{"embeddable":true,"href":"https:\/\/www.abc-dessin-peinture.com\/index.php\/wp-json\/wp\/v2\/comments?post=57"}],"version-history":[{"count":19,"href":"https:\/\/www.abc-dessin-peinture.com\/index.php\/wp-json\/wp\/v2\/pages\/57\/revisions"}],"predecessor-version":[{"id":783,"href":"https:\/\/www.abc-dessin-peinture.com\/index.php\/wp-json\/wp\/v2\/pages\/57\/revisions\/783"}],"wp:attachment":[{"href":"https:\/\/www.abc-dessin-peinture.com\/index.php\/wp-json\/wp\/v2\/media?parent=57"}],"curies":[{"name":"wp","href":"https:\/\/api.w.org\/{rel}","templated":true}]}}