{"id":547,"date":"2019-01-11T20:09:11","date_gmt":"2019-01-11T19:09:11","guid":{"rendered":"http:\/\/www.abc-dessin-peinture.com\/?page_id=547"},"modified":"2019-01-13T19:57:00","modified_gmt":"2019-01-13T18:57:00","slug":"politique-de-confidentialite","status":"publish","type":"page","link":"https:\/\/www.abc-dessin-peinture.com\/index.php\/politique-de-confidentialite\/","title":{"rendered":"Politique de confidentialit\u00e9"},"content":{"rendered":"<p>reCAPTCHA<\/p>\n<p class=\"n\">Nous utilisons le service reCAPTCHA de Google Inc. (Google) pour prot\u00e9ger les entr\u00e9es des formulaires sur votre site. Ce service est utilis\u00e9 pour diff\u00e9rencier les entr\u00e9es faites par un \u00eatre humain des abus automatis\u00e9s. Cela implique l&rsquo;envoi de l&rsquo;adresse IP et \u00e9ventuellement d&rsquo;autres donn\u00e9es requises par Google pour le service reCAPTCHA. \u00c0 cette fin, vos donn\u00e9es seront communiqu\u00e9es \u00e0 Google et utilis\u00e9es par leurs services. Toutefois, votre adresse IP sera pr\u00e9alablement raccourcie par Google dans les \u00c9tats membres de l&rsquo;Union europ\u00e9enne &#8211; ou dans d&rsquo;autres \u00c9tats qui font partie de l&rsquo;accord sur l&rsquo;Espace \u00e9conomique europ\u00e9en &#8211; et sera ainsi anonyme. Dans certains cas exceptionnels, votre adresse IP compl\u00e8te sera transmise \u00e0 un serveur de Google aux \u00c9tats-Unis et raccourcie ensuite. Au nom de l&rsquo;exploitant de ce site web, Google utilisera ces informations pour \u00e9valuer votre utilisation de ce service. L&rsquo;adresse IP fournie par reCAPTCHA par votre navigateur ne sera pas fusionn\u00e9e avec d&rsquo;autres donn\u00e9es de Google. Cette collection des donn\u00e9es est sujette \u00e0 la Politique de confidentialit\u00e9 de Google. Pour plus d&rsquo;informations concernant la politique de confidentialit\u00e9 de Google, rendez-vous sur la page :\u00a0<a href=\"https:\/\/policies.google.com\/privacy?hl=fr\" target=\"_blank\" rel=\"noopener\">https:\/\/policies.google.com\/privacy?hl=fr<\/a><br \/>\nEn utilisant le service reCAPTCHA, vous consentez au traitement des donn\u00e9es vous concernant par Google, de la mani\u00e8re et aux fins \u00e9nonc\u00e9es ci-dessus.<\/p>\n","protected":false},"excerpt":{"rendered":"<p>reCAPTCHA Nous utilisons le service reCAPTCHA de Google Inc. (Google) pour prot\u00e9ger les entr\u00e9es des formulaires sur votre site. Ce service est utilis\u00e9 pour diff\u00e9rencier les entr\u00e9es faites par un \u00eatre humain des abus automatis\u00e9s. Cela implique l&rsquo;envoi de l&rsquo;adresse IP et \u00e9ventuellement d&rsquo;autres donn\u00e9es requises par Google pour le service reCAPTCHA. \u00c0 cette fin, &#8230; <a title=\"Politique de confidentialit\u00e9\" class=\"read-more\" href=\"https:\/\/www.abc-dessin-peinture.com\/index.php\/politique-de-confidentialite\/\">Read more<\/a><\/p>\n","protected":false},"author":1,"featured_media":0,"parent":0,"menu_order":0,"comment_status":"closed","ping_status":"closed","template":"","meta":{"footnotes":""},"class_list":["post-547","page","type-page","status-publish"],"yoast_head":"<!-- This site is optimized with the Yoast SEO plugin v25.5 - https:\/\/yoast.com\/wordpress\/plugins\/seo\/ -->\n<title>Politique de confidentialit\u00e9 abc-dessin-peinture<\/title>\n<meta name=\"robots\" content=\"index, follow, max-snippet:-1, max-image-preview:large, max-video-preview:-1\" \/>\n<link rel=\"canonical\" href=\"https:\/\/www.abc-dessin-peinture.com\/index.php\/politique-de-confidentialite\/\" \/>\n<meta property=\"og:locale\" content=\"fr_FR\" \/>\n<meta property=\"og:type\" content=\"article\" \/>\n<meta property=\"og:title\" content=\"Politique de confidentialit\u00e9 abc-dessin-peinture\" \/>\n<meta property=\"og:description\" content=\"reCAPTCHA Nous utilisons le service reCAPTCHA de Google Inc. (Google) pour prot\u00e9ger les entr\u00e9es des formulaires sur votre site. Ce service est utilis\u00e9 pour diff\u00e9rencier les entr\u00e9es faites par un \u00eatre humain des abus automatis\u00e9s. Cela implique l&rsquo;envoi de l&rsquo;adresse IP et \u00e9ventuellement d&rsquo;autres donn\u00e9es requises par Google pour le service reCAPTCHA. \u00c0 cette fin, ... Read more\" \/>\n<meta property=\"og:url\" content=\"https:\/\/www.abc-dessin-peinture.com\/index.php\/politique-de-confidentialite\/\" \/>\n<meta property=\"og:site_name\" content=\"abc-dessin-peinture\" \/>\n<meta property=\"article:publisher\" content=\"https:\/\/www.facebook.com\/pages\/category\/Performing-Arts-School\/Abc-dessin-peinture-1600421256882663\/\" \/>\n<meta property=\"article:modified_time\" content=\"2019-01-13T18:57:00+00:00\" \/>\n<meta name=\"twitter:card\" content=\"summary_large_image\" \/>\n<meta name=\"twitter:label1\" content=\"Dur\u00e9e de lecture estim\u00e9e\" \/>\n\t<meta name=\"twitter:data1\" content=\"1 minute\" \/>\n<script type=\"application\/ld+json\" class=\"yoast-schema-graph\">{\"@context\":\"https:\/\/schema.org\",\"@graph\":[{\"@type\":\"WebPage\",\"@id\":\"https:\/\/www.abc-dessin-peinture.com\/index.php\/politique-de-confidentialite\/\",\"url\":\"https:\/\/www.abc-dessin-peinture.com\/index.php\/politique-de-confidentialite\/\",\"name\":\"Politique de confidentialit\u00e9 abc-dessin-peinture\",\"isPartOf\":{\"@id\":\"https:\/\/www.abc-dessin-peinture.com\/#website\"},\"datePublished\":\"2019-01-11T19:09:11+00:00\",\"dateModified\":\"2019-01-13T18:57:00+00:00\",\"breadcrumb\":{\"@id\":\"https:\/\/www.abc-dessin-peinture.com\/index.php\/politique-de-confidentialite\/#breadcrumb\"},\"inLanguage\":\"fr-FR\",\"potentialAction\":[{\"@type\":\"ReadAction\",\"target\":[\"https:\/\/www.abc-dessin-peinture.com\/index.php\/politique-de-confidentialite\/\"]}]},{\"@type\":\"BreadcrumbList\",\"@id\":\"https:\/\/www.abc-dessin-peinture.com\/index.php\/politique-de-confidentialite\/#breadcrumb\",\"itemListElement\":[{\"@type\":\"ListItem\",\"position\":1,\"name\":\"Accueil\",\"item\":\"https:\/\/www.abc-dessin-peinture.com\/\"},{\"@type\":\"ListItem\",\"position\":2,\"name\":\"Politique de confidentialit\u00e9\"}]},{\"@type\":\"WebSite\",\"@id\":\"https:\/\/www.abc-dessin-peinture.com\/#website\",\"url\":\"https:\/\/www.abc-dessin-peinture.com\/\",\"name\":\"abc-dessin-peinture\",\"description\":\"\",\"publisher\":{\"@id\":\"https:\/\/www.abc-dessin-peinture.com\/#organization\"},\"potentialAction\":[{\"@type\":\"SearchAction\",\"target\":{\"@type\":\"EntryPoint\",\"urlTemplate\":\"https:\/\/www.abc-dessin-peinture.com\/?s={search_term_string}\"},\"query-input\":{\"@type\":\"PropertyValueSpecification\",\"valueRequired\":true,\"valueName\":\"search_term_string\"}}],\"inLanguage\":\"fr-FR\"},{\"@type\":\"Organization\",\"@id\":\"https:\/\/www.abc-dessin-peinture.com\/#organization\",\"name\":\"abc dessin peinture\",\"url\":\"https:\/\/www.abc-dessin-peinture.com\/\",\"logo\":{\"@type\":\"ImageObject\",\"inLanguage\":\"fr-FR\",\"@id\":\"https:\/\/www.abc-dessin-peinture.com\/#\/schema\/logo\/image\/\",\"url\":\"https:\/\/www.abc-dessin-peinture.com\/wp-content\/uploads\/2018\/12\/cropped-logo1.png\",\"contentUrl\":\"https:\/\/www.abc-dessin-peinture.com\/wp-content\/uploads\/2018\/12\/cropped-logo1.png\",\"width\":405,\"height\":87,\"caption\":\"abc dessin peinture\"},\"image\":{\"@id\":\"https:\/\/www.abc-dessin-peinture.com\/#\/schema\/logo\/image\/\"},\"sameAs\":[\"https:\/\/www.facebook.com\/pages\/category\/Performing-Arts-School\/Abc-dessin-peinture-1600421256882663\/\"]}]}<\/script>\n<!-- \/ Yoast SEO plugin. -->","yoast_head_json":{"title":"Politique de confidentialit\u00e9 abc-dessin-peinture","robots":{"index":"index","follow":"follow","max-snippet":"max-snippet:-1","max-image-preview":"max-image-preview:large","max-video-preview":"max-video-preview:-1"},"canonical":"https:\/\/www.abc-dessin-peinture.com\/index.php\/politique-de-confidentialite\/","og_locale":"fr_FR","og_type":"article","og_title":"Politique de confidentialit\u00e9 abc-dessin-peinture","og_description":"reCAPTCHA Nous utilisons le service reCAPTCHA de Google Inc. (Google) pour prot\u00e9ger les entr\u00e9es des formulaires sur votre site. Ce service est utilis\u00e9 pour diff\u00e9rencier les entr\u00e9es faites par un \u00eatre humain des abus automatis\u00e9s. Cela implique l&rsquo;envoi de l&rsquo;adresse IP et \u00e9ventuellement d&rsquo;autres donn\u00e9es requises par Google pour le service reCAPTCHA. \u00c0 cette fin, ... Read more","og_url":"https:\/\/www.abc-dessin-peinture.com\/index.php\/politique-de-confidentialite\/","og_site_name":"abc-dessin-peinture","article_publisher":"https:\/\/www.facebook.com\/pages\/category\/Performing-Arts-School\/Abc-dessin-peinture-1600421256882663\/","article_modified_time":"2019-01-13T18:57:00+00:00","twitter_card":"summary_large_image","twitter_misc":{"Dur\u00e9e de lecture estim\u00e9e":"1 minute"},"schema":{"@context":"https:\/\/schema.org","@graph":[{"@type":"WebPage","@id":"https:\/\/www.abc-dessin-peinture.com\/index.php\/politique-de-confidentialite\/","url":"https:\/\/www.abc-dessin-peinture.com\/index.php\/politique-de-confidentialite\/","name":"Politique de confidentialit\u00e9 abc-dessin-peinture","isPartOf":{"@id":"https:\/\/www.abc-dessin-peinture.com\/#website"},"datePublished":"2019-01-11T19:09:11+00:00","dateModified":"2019-01-13T18:57:00+00:00","breadcrumb":{"@id":"https:\/\/www.abc-dessin-peinture.com\/index.php\/politique-de-confidentialite\/#breadcrumb"},"inLanguage":"fr-FR","potentialAction":[{"@type":"ReadAction","target":["https:\/\/www.abc-dessin-peinture.com\/index.php\/politique-de-confidentialite\/"]}]},{"@type":"BreadcrumbList","@id":"https:\/\/www.abc-dessin-peinture.com\/index.php\/politique-de-confidentialite\/#breadcrumb","itemListElement":[{"@type":"ListItem","position":1,"name":"Accueil","item":"https:\/\/www.abc-dessin-peinture.com\/"},{"@type":"ListItem","position":2,"name":"Politique de confidentialit\u00e9"}]},{"@type":"WebSite","@id":"https:\/\/www.abc-dessin-peinture.com\/#website","url":"https:\/\/www.abc-dessin-peinture.com\/","name":"abc-dessin-peinture","description":"","publisher":{"@id":"https:\/\/www.abc-dessin-peinture.com\/#organization"},"potentialAction":[{"@type":"SearchAction","target":{"@type":"EntryPoint","urlTemplate":"https:\/\/www.abc-dessin-peinture.com\/?s={search_term_string}"},"query-input":{"@type":"PropertyValueSpecification","valueRequired":true,"valueName":"search_term_string"}}],"inLanguage":"fr-FR"},{"@type":"Organization","@id":"https:\/\/www.abc-dessin-peinture.com\/#organization","name":"abc dessin peinture","url":"https:\/\/www.abc-dessin-peinture.com\/","logo":{"@type":"ImageObject","inLanguage":"fr-FR","@id":"https:\/\/www.abc-dessin-peinture.com\/#\/schema\/logo\/image\/","url":"https:\/\/www.abc-dessin-peinture.com\/wp-content\/uploads\/2018\/12\/cropped-logo1.png","contentUrl":"https:\/\/www.abc-dessin-peinture.com\/wp-content\/uploads\/2018\/12\/cropped-logo1.png","width":405,"height":87,"caption":"abc dessin peinture"},"image":{"@id":"https:\/\/www.abc-dessin-peinture.com\/#\/schema\/logo\/image\/"},"sameAs":["https:\/\/www.facebook.com\/pages\/category\/Performing-Arts-School\/Abc-dessin-peinture-1600421256882663\/"]}]}},"_links":{"self":[{"href":"https:\/\/www.abc-dessin-peinture.com\/index.php\/wp-json\/wp\/v2\/pages\/547","targetHints":{"allow":["GET"]}}],"collection":[{"href":"https:\/\/www.abc-dessin-peinture.com\/index.php\/wp-json\/wp\/v2\/pages"}],"about":[{"href":"https:\/\/www.abc-dessin-peinture.com\/index.php\/wp-json\/wp\/v2\/types\/page"}],"author":[{"embeddable":true,"href":"https:\/\/www.abc-dessin-peinture.com\/index.php\/wp-json\/wp\/v2\/users\/1"}],"replies":[{"embeddable":true,"href":"https:\/\/www.abc-dessin-peinture.com\/index.php\/wp-json\/wp\/v2\/comments?post=547"}],"version-history":[{"count":1,"href":"https:\/\/www.abc-dessin-peinture.com\/index.php\/wp-json\/wp\/v2\/pages\/547\/revisions"}],"predecessor-version":[{"id":548,"href":"https:\/\/www.abc-dessin-peinture.com\/index.php\/wp-json\/wp\/v2\/pages\/547\/revisions\/548"}],"wp:attachment":[{"href":"https:\/\/www.abc-dessin-peinture.com\/index.php\/wp-json\/wp\/v2\/media?parent=547"}],"curies":[{"name":"wp","href":"https:\/\/api.w.org\/{rel}","templated":true}]}}