{"id":5,"date":"2018-12-01T12:58:36","date_gmt":"2018-12-01T12:58:36","guid":{"rendered":"https:\/\/abcdessinpeinture.wordpress.com\/?page_id=2"},"modified":"2021-07-31T11:24:47","modified_gmt":"2021-07-31T09:24:47","slug":"accueil","status":"publish","type":"page","link":"https:\/\/www.abc-dessin-peinture.com\/","title":{"rendered":""},"content":{"rendered":"\t\t<div data-elementor-type=\"wp-post\" data-elementor-id=\"5\" class=\"elementor elementor-5\">\n\t\t\t\t\t\t<section class=\"elementor-section elementor-top-section elementor-element elementor-element-3be1de6 elementor-section-boxed elementor-section-height-default elementor-section-height-default\" data-id=\"3be1de6\" data-element_type=\"section\">\n\t\t\t\t\t\t<div class=\"elementor-container elementor-column-gap-default\">\n\t\t\t\t\t<div class=\"elementor-column elementor-col-100 elementor-top-column elementor-element elementor-element-18369e7\" data-id=\"18369e7\" data-element_type=\"column\">\n\t\t\t<div class=\"elementor-widget-wrap elementor-element-populated\">\n\t\t\t\t\t\t<div class=\"elementor-element elementor-element-711a94a elementor-widget elementor-widget-testimonial\" data-id=\"711a94a\" data-element_type=\"widget\" data-widget_type=\"testimonial.default\">\n\t\t\t\t<div class=\"elementor-widget-container\">\n\t\t\t\t\t\t\t<div class=\"elementor-testimonial-wrapper\">\n\t\t\t\t\t\t\t<div class=\"elementor-testimonial-content\">\"La nature f\u00e9conde varie \u00e0 l'infini les traits de ses dessins.\"<\/div>\n\t\t\t\n\t\t\t\t\t\t<div class=\"elementor-testimonial-meta\">\n\t\t\t\t<div class=\"elementor-testimonial-meta-inner\">\n\t\t\t\t\t\n\t\t\t\t\t\t\t\t\t\t<div class=\"elementor-testimonial-details\">\n\t\t\t\t\t\t\t\t\t\t\t\t\t\t<div class=\"elementor-testimonial-name\">Voltaire<\/div>\n\t\t\t\t\t\t\t\t\t\t\t\t\t\t\t\t\t\t\t<\/div>\n\t\t\t\t\t\t\t\t\t<\/div>\n\t\t\t<\/div>\n\t\t\t\t\t<\/div>\n\t\t\t\t\t\t<\/div>\n\t\t\t\t<\/div>\n\t\t\t\t<div class=\"elementor-element elementor-element-1cab41e elementor-widget elementor-widget-text-editor\" data-id=\"1cab41e\" data-element_type=\"widget\" data-widget_type=\"text-editor.default\">\n\t\t\t\t<div class=\"elementor-widget-container\">\n\t\t\t\t\t\t\t\t\t<h1 style=\"font-style: normal; text-align: justify;\"><span style=\"color: #3a9de0;\">Les ateliers Denjean<\/span><\/h1>\t\t\t\t\t\t\t\t<\/div>\n\t\t\t\t<\/div>\n\t\t\t\t<section class=\"elementor-section elementor-inner-section elementor-element elementor-element-f19d11b elementor-section-boxed elementor-section-height-default elementor-section-height-default\" data-id=\"f19d11b\" data-element_type=\"section\">\n\t\t\t\t\t\t<div class=\"elementor-container elementor-column-gap-default\">\n\t\t\t\t\t<div class=\"elementor-column elementor-col-50 elementor-inner-column elementor-element elementor-element-680da36\" data-id=\"680da36\" data-element_type=\"column\">\n\t\t\t<div class=\"elementor-widget-wrap elementor-element-populated\">\n\t\t\t\t\t\t<div class=\"elementor-element elementor-element-5e09bd4 elementor-arrows-position-outside elementor-pagination-position-outside elementor-widget elementor-widget-image-carousel\" data-id=\"5e09bd4\" data-element_type=\"widget\" data-settings=\"{&quot;slides_to_show&quot;:&quot;1&quot;,&quot;navigation&quot;:&quot;both&quot;,&quot;autoplay&quot;:&quot;yes&quot;,&quot;pause_on_hover&quot;:&quot;yes&quot;,&quot;pause_on_interaction&quot;:&quot;yes&quot;,&quot;autoplay_speed&quot;:5000,&quot;infinite&quot;:&quot;yes&quot;,&quot;effect&quot;:&quot;slide&quot;,&quot;speed&quot;:500}\" data-widget_type=\"image-carousel.default\">\n\t\t\t\t<div class=\"elementor-widget-container\">\n\t\t\t\t\t\t\t<div class=\"elementor-image-carousel-wrapper swiper\" role=\"region\" aria-roledescription=\"carousel\" aria-label=\"Carrousel d\u2019images\" dir=\"ltr\">\n\t\t\t<div class=\"elementor-image-carousel swiper-wrapper\" aria-live=\"off\">\n\t\t\t\t\t\t\t\t<div class=\"swiper-slide\" role=\"group\" aria-roledescription=\"slide\" aria-label=\"1 sur 4\"><figure class=\"swiper-slide-inner\"><img decoding=\"async\" class=\"swiper-slide-image\" src=\"https:\/\/www.abc-dessin-peinture.com\/wp-content\/uploads\/2021\/07\/Vague-300x195.jpeg\" alt=\"1\u00e8re vague\" \/><\/figure><\/div><div class=\"swiper-slide\" role=\"group\" aria-roledescription=\"slide\" aria-label=\"2 sur 4\"><figure class=\"swiper-slide-inner\"><img decoding=\"async\" class=\"swiper-slide-image\" src=\"https:\/\/www.abc-dessin-peinture.com\/wp-content\/uploads\/2019\/01\/43-202x300.jpg\" alt=\"Femme au turban\" \/><\/figure><\/div><div class=\"swiper-slide\" role=\"group\" aria-roledescription=\"slide\" aria-label=\"3 sur 4\"><figure class=\"swiper-slide-inner\"><img decoding=\"async\" class=\"swiper-slide-image\" src=\"https:\/\/www.abc-dessin-peinture.com\/wp-content\/uploads\/2019\/01\/IMG_4553-205x300.jpeg\" alt=\"Huile sur toile\" \/><\/figure><\/div><div class=\"swiper-slide\" role=\"group\" aria-roledescription=\"slide\" aria-label=\"4 sur 4\"><figure class=\"swiper-slide-inner\"><img decoding=\"async\" class=\"swiper-slide-image\" src=\"https:\/\/www.abc-dessin-peinture.com\/wp-content\/uploads\/2019\/01\/IMG_4542-236x300.jpeg\" alt=\"IMG_4542\" \/><\/figure><\/div>\t\t\t<\/div>\n\t\t\t\t\t\t\t\t\t\t\t\t<div class=\"elementor-swiper-button elementor-swiper-button-prev\" role=\"button\" tabindex=\"0\">\n\t\t\t\t\t\t<i aria-hidden=\"true\" class=\"eicon-chevron-left\"><\/i>\t\t\t\t\t<\/div>\n\t\t\t\t\t<div class=\"elementor-swiper-button elementor-swiper-button-next\" role=\"button\" tabindex=\"0\">\n\t\t\t\t\t\t<i aria-hidden=\"true\" class=\"eicon-chevron-right\"><\/i>\t\t\t\t\t<\/div>\n\t\t\t\t\n\t\t\t\t\t\t\t\t\t<div class=\"swiper-pagination\"><\/div>\n\t\t\t\t\t\t\t\t\t<\/div>\n\t\t\t\t\t\t<\/div>\n\t\t\t\t<\/div>\n\t\t\t\t\t<\/div>\n\t\t<\/div>\n\t\t\t\t<div class=\"elementor-column elementor-col-50 elementor-inner-column elementor-element elementor-element-0aaa0b2\" data-id=\"0aaa0b2\" data-element_type=\"column\">\n\t\t\t<div class=\"elementor-widget-wrap elementor-element-populated\">\n\t\t\t\t\t\t<div class=\"elementor-element elementor-element-ad1fb0b elementor-widget elementor-widget-text-editor\" data-id=\"ad1fb0b\" data-element_type=\"widget\" data-widget_type=\"text-editor.default\">\n\t\t\t\t<div class=\"elementor-widget-container\">\n\t\t\t\t\t\t\t\t\t<h2 style=\"font-style: normal;\"><span style=\"color: #3a9de0;\">Un dessin une id\u00e9e<\/span><\/h2><p style=\"text-align: justify;\">Avant le dessin, na\u00eet l&rsquo;id\u00e9e. L&rsquo;art se veut d\u00e9sint\u00e9ress\u00e9 parce que tourn\u00e9 d&#8217;embl\u00e9e vers la cr\u00e9ation, plus que vers le champ de l&rsquo;action. Entrer dans son univers, ouvre de larges horizons et permet une grande libert\u00e9 d&rsquo;expression.<\/p>\t\t\t\t\t\t\t\t<\/div>\n\t\t\t\t<\/div>\n\t\t\t\t\t<\/div>\n\t\t<\/div>\n\t\t\t\t\t<\/div>\n\t\t<\/section>\n\t\t\t\t<div class=\"elementor-element elementor-element-7b4cbd9 elementor-widget elementor-widget-text-editor\" data-id=\"7b4cbd9\" data-element_type=\"widget\" data-widget_type=\"text-editor.default\">\n\t\t\t\t<div class=\"elementor-widget-container\">\n\t\t\t\t\t\t\t\t\t<h2 style=\"font-style: normal; text-align: left;\"><span style=\"color: #3a9de0;\">Tout est dessin<\/span><\/h2><p style=\"text-align: justify;\">Faire des esquisses, des \u00e9tudes en s&rsquo;inspirant des anciens, c&rsquo;est apprendre. Puis s&rsquo;impr\u00e9gner et s&rsquo;inspirer du pr\u00e9sent, c&rsquo;est cr\u00e9er. Gr\u00e2ce aux principes fondamentaux de construction enseign\u00e9s par abc-dessin-peinture, vous pourrez aborder tous les sujets : le portrait, le corps humain, le dessin animalier, le paysage, &#8230;<\/p><h2 style=\"font-style: normal; text-align: justify;\"><span style=\"color: #3a9de0;\">Le dessin, la r\u00e8gle de l&rsquo;art<\/span><\/h2><p style=\"text-align: justify;\">Le dessin donne l&rsquo;apparence de la nature, bien qu&rsquo;on ait conscience qu&rsquo;il appartient \u00e0 l&rsquo;art.<\/p><p style=\"text-align: justify;\">abc-dessin-peinture vous enseigne le dessin au travers de l&rsquo;ensemble de ses techniques (crayon, fusain, sanguine, aquarelle, huile, &#8230;) pour vous amener au fil des cours, vers sa compr\u00e9hension et une r\u00e9elle autonomie de r\u00e9alisation au travers d&rsquo;un laboratoire d&rsquo;exp\u00e9rimentations cr\u00e9atives.<\/p>\t\t\t\t\t\t\t\t<\/div>\n\t\t\t\t<\/div>\n\t\t\t\t\t<\/div>\n\t\t<\/div>\n\t\t\t\t\t<\/div>\n\t\t<\/section>\n\t\t\t\t<\/div>\n\t\t","protected":false},"excerpt":{"rendered":"<p>\u00ab\u00a0La nature f\u00e9conde varie \u00e0 l&rsquo;infini les traits de ses dessins.\u00a0\u00bb Voltaire Les ateliers Denjean Pr\u00e9c\u00e9dent Suivant Un dessin une id\u00e9e Avant le dessin, na\u00eet l&rsquo;id\u00e9e. L&rsquo;art se veut d\u00e9sint\u00e9ress\u00e9 parce que tourn\u00e9 d&#8217;embl\u00e9e vers la cr\u00e9ation, plus que vers le champ de l&rsquo;action. Entrer dans son univers, ouvre de larges horizons et permet une &#8230; <a title=\"\" class=\"read-more\" href=\"https:\/\/www.abc-dessin-peinture.com\/\">Read more<\/a><\/p>\n","protected":false},"author":2,"featured_media":0,"parent":0,"menu_order":1,"comment_status":"closed","ping_status":"closed","template":"","meta":{"footnotes":""},"class_list":["post-5","page","type-page","status-publish"],"yoast_head":"<!-- This site is optimized with the Yoast SEO plugin v25.5 - https:\/\/yoast.com\/wordpress\/plugins\/seo\/ -->\n<title>abc-dessin-peinture<\/title>\n<meta name=\"description\" content=\"abc-dessin-peinture enseigne le dessin dans l&#039;ensemble de ses techniques. Cours de dessin, cours d&#039;aquarelle, cours de peinture \u00e0 l&#039;huile...\" \/>\n<meta name=\"robots\" content=\"index, follow, max-snippet:-1, max-image-preview:large, max-video-preview:-1\" \/>\n<link rel=\"canonical\" href=\"https:\/\/www.abc-dessin-peinture.com\/\" \/>\n<meta property=\"og:locale\" content=\"fr_FR\" \/>\n<meta property=\"og:type\" content=\"article\" \/>\n<meta property=\"og:title\" content=\"abc-dessin-peinture\" \/>\n<meta property=\"og:description\" content=\"abc-dessin-peinture enseigne le dessin dans l&#039;ensemble de ses techniques. Cours de dessin, cours d&#039;aquarelle, cours de peinture \u00e0 l&#039;huile...\" \/>\n<meta property=\"og:url\" content=\"https:\/\/www.abc-dessin-peinture.com\/\" \/>\n<meta property=\"og:site_name\" content=\"abc-dessin-peinture\" \/>\n<meta property=\"article:publisher\" content=\"https:\/\/www.facebook.com\/pages\/category\/Performing-Arts-School\/Abc-dessin-peinture-1600421256882663\/\" \/>\n<meta property=\"article:modified_time\" content=\"2021-07-31T09:24:47+00:00\" \/>\n<meta property=\"og:image\" content=\"https:\/\/www.abc-dessin-peinture.com\/wp-content\/uploads\/2021\/07\/Vague-300x195.jpeg\" \/>\n<meta name=\"twitter:card\" content=\"summary_large_image\" \/>\n<meta name=\"twitter:label1\" content=\"Dur\u00e9e de lecture estim\u00e9e\" \/>\n\t<meta name=\"twitter:data1\" content=\"2 minutes\" \/>\n<script type=\"application\/ld+json\" class=\"yoast-schema-graph\">{\"@context\":\"https:\/\/schema.org\",\"@graph\":[{\"@type\":\"WebPage\",\"@id\":\"https:\/\/www.abc-dessin-peinture.com\/\",\"url\":\"https:\/\/www.abc-dessin-peinture.com\/\",\"name\":\"abc-dessin-peinture\",\"isPartOf\":{\"@id\":\"https:\/\/www.abc-dessin-peinture.com\/#website\"},\"primaryImageOfPage\":{\"@id\":\"https:\/\/www.abc-dessin-peinture.com\/#primaryimage\"},\"image\":{\"@id\":\"https:\/\/www.abc-dessin-peinture.com\/#primaryimage\"},\"thumbnailUrl\":\"https:\/\/www.abc-dessin-peinture.com\/wp-content\/uploads\/2021\/07\/Vague-300x195.jpeg\",\"datePublished\":\"2018-12-01T12:58:36+00:00\",\"dateModified\":\"2021-07-31T09:24:47+00:00\",\"description\":\"abc-dessin-peinture enseigne le dessin dans l'ensemble de ses techniques. Cours de dessin, cours d'aquarelle, cours de peinture \u00e0 l'huile...\",\"inLanguage\":\"fr-FR\",\"potentialAction\":[{\"@type\":\"ReadAction\",\"target\":[\"https:\/\/www.abc-dessin-peinture.com\/\"]}]},{\"@type\":\"ImageObject\",\"inLanguage\":\"fr-FR\",\"@id\":\"https:\/\/www.abc-dessin-peinture.com\/#primaryimage\",\"url\":\"https:\/\/www.abc-dessin-peinture.com\/wp-content\/uploads\/2021\/07\/Vague-300x195.jpeg\",\"contentUrl\":\"https:\/\/www.abc-dessin-peinture.com\/wp-content\/uploads\/2021\/07\/Vague-300x195.jpeg\"},{\"@type\":\"WebSite\",\"@id\":\"https:\/\/www.abc-dessin-peinture.com\/#website\",\"url\":\"https:\/\/www.abc-dessin-peinture.com\/\",\"name\":\"abc-dessin-peinture\",\"description\":\"\",\"publisher\":{\"@id\":\"https:\/\/www.abc-dessin-peinture.com\/#organization\"},\"potentialAction\":[{\"@type\":\"SearchAction\",\"target\":{\"@type\":\"EntryPoint\",\"urlTemplate\":\"https:\/\/www.abc-dessin-peinture.com\/?s={search_term_string}\"},\"query-input\":{\"@type\":\"PropertyValueSpecification\",\"valueRequired\":true,\"valueName\":\"search_term_string\"}}],\"inLanguage\":\"fr-FR\"},{\"@type\":\"Organization\",\"@id\":\"https:\/\/www.abc-dessin-peinture.com\/#organization\",\"name\":\"abc dessin peinture\",\"url\":\"https:\/\/www.abc-dessin-peinture.com\/\",\"logo\":{\"@type\":\"ImageObject\",\"inLanguage\":\"fr-FR\",\"@id\":\"https:\/\/www.abc-dessin-peinture.com\/#\/schema\/logo\/image\/\",\"url\":\"https:\/\/www.abc-dessin-peinture.com\/wp-content\/uploads\/2018\/12\/cropped-logo1.png\",\"contentUrl\":\"https:\/\/www.abc-dessin-peinture.com\/wp-content\/uploads\/2018\/12\/cropped-logo1.png\",\"width\":405,\"height\":87,\"caption\":\"abc dessin peinture\"},\"image\":{\"@id\":\"https:\/\/www.abc-dessin-peinture.com\/#\/schema\/logo\/image\/\"},\"sameAs\":[\"https:\/\/www.facebook.com\/pages\/category\/Performing-Arts-School\/Abc-dessin-peinture-1600421256882663\/\"]}]}<\/script>\n<!-- \/ Yoast SEO plugin. -->","yoast_head_json":{"title":"abc-dessin-peinture","description":"abc-dessin-peinture enseigne le dessin dans l'ensemble de ses techniques. Cours de dessin, cours d'aquarelle, cours de peinture \u00e0 l'huile...","robots":{"index":"index","follow":"follow","max-snippet":"max-snippet:-1","max-image-preview":"max-image-preview:large","max-video-preview":"max-video-preview:-1"},"canonical":"https:\/\/www.abc-dessin-peinture.com\/","og_locale":"fr_FR","og_type":"article","og_title":"abc-dessin-peinture","og_description":"abc-dessin-peinture enseigne le dessin dans l'ensemble de ses techniques. Cours de dessin, cours d'aquarelle, cours de peinture \u00e0 l'huile...","og_url":"https:\/\/www.abc-dessin-peinture.com\/","og_site_name":"abc-dessin-peinture","article_publisher":"https:\/\/www.facebook.com\/pages\/category\/Performing-Arts-School\/Abc-dessin-peinture-1600421256882663\/","article_modified_time":"2021-07-31T09:24:47+00:00","og_image":[{"url":"https:\/\/www.abc-dessin-peinture.com\/wp-content\/uploads\/2021\/07\/Vague-300x195.jpeg","type":"","width":"","height":""}],"twitter_card":"summary_large_image","twitter_misc":{"Dur\u00e9e de lecture estim\u00e9e":"2 minutes"},"schema":{"@context":"https:\/\/schema.org","@graph":[{"@type":"WebPage","@id":"https:\/\/www.abc-dessin-peinture.com\/","url":"https:\/\/www.abc-dessin-peinture.com\/","name":"abc-dessin-peinture","isPartOf":{"@id":"https:\/\/www.abc-dessin-peinture.com\/#website"},"primaryImageOfPage":{"@id":"https:\/\/www.abc-dessin-peinture.com\/#primaryimage"},"image":{"@id":"https:\/\/www.abc-dessin-peinture.com\/#primaryimage"},"thumbnailUrl":"https:\/\/www.abc-dessin-peinture.com\/wp-content\/uploads\/2021\/07\/Vague-300x195.jpeg","datePublished":"2018-12-01T12:58:36+00:00","dateModified":"2021-07-31T09:24:47+00:00","description":"abc-dessin-peinture enseigne le dessin dans l'ensemble de ses techniques. Cours de dessin, cours d'aquarelle, cours de peinture \u00e0 l'huile...","inLanguage":"fr-FR","potentialAction":[{"@type":"ReadAction","target":["https:\/\/www.abc-dessin-peinture.com\/"]}]},{"@type":"ImageObject","inLanguage":"fr-FR","@id":"https:\/\/www.abc-dessin-peinture.com\/#primaryimage","url":"https:\/\/www.abc-dessin-peinture.com\/wp-content\/uploads\/2021\/07\/Vague-300x195.jpeg","contentUrl":"https:\/\/www.abc-dessin-peinture.com\/wp-content\/uploads\/2021\/07\/Vague-300x195.jpeg"},{"@type":"WebSite","@id":"https:\/\/www.abc-dessin-peinture.com\/#website","url":"https:\/\/www.abc-dessin-peinture.com\/","name":"abc-dessin-peinture","description":"","publisher":{"@id":"https:\/\/www.abc-dessin-peinture.com\/#organization"},"potentialAction":[{"@type":"SearchAction","target":{"@type":"EntryPoint","urlTemplate":"https:\/\/www.abc-dessin-peinture.com\/?s={search_term_string}"},"query-input":{"@type":"PropertyValueSpecification","valueRequired":true,"valueName":"search_term_string"}}],"inLanguage":"fr-FR"},{"@type":"Organization","@id":"https:\/\/www.abc-dessin-peinture.com\/#organization","name":"abc dessin peinture","url":"https:\/\/www.abc-dessin-peinture.com\/","logo":{"@type":"ImageObject","inLanguage":"fr-FR","@id":"https:\/\/www.abc-dessin-peinture.com\/#\/schema\/logo\/image\/","url":"https:\/\/www.abc-dessin-peinture.com\/wp-content\/uploads\/2018\/12\/cropped-logo1.png","contentUrl":"https:\/\/www.abc-dessin-peinture.com\/wp-content\/uploads\/2018\/12\/cropped-logo1.png","width":405,"height":87,"caption":"abc dessin peinture"},"image":{"@id":"https:\/\/www.abc-dessin-peinture.com\/#\/schema\/logo\/image\/"},"sameAs":["https:\/\/www.facebook.com\/pages\/category\/Performing-Arts-School\/Abc-dessin-peinture-1600421256882663\/"]}]}},"_links":{"self":[{"href":"https:\/\/www.abc-dessin-peinture.com\/index.php\/wp-json\/wp\/v2\/pages\/5","targetHints":{"allow":["GET"]}}],"collection":[{"href":"https:\/\/www.abc-dessin-peinture.com\/index.php\/wp-json\/wp\/v2\/pages"}],"about":[{"href":"https:\/\/www.abc-dessin-peinture.com\/index.php\/wp-json\/wp\/v2\/types\/page"}],"author":[{"embeddable":true,"href":"https:\/\/www.abc-dessin-peinture.com\/index.php\/wp-json\/wp\/v2\/users\/2"}],"replies":[{"embeddable":true,"href":"https:\/\/www.abc-dessin-peinture.com\/index.php\/wp-json\/wp\/v2\/comments?post=5"}],"version-history":[{"count":26,"href":"https:\/\/www.abc-dessin-peinture.com\/index.php\/wp-json\/wp\/v2\/pages\/5\/revisions"}],"predecessor-version":[{"id":700,"href":"https:\/\/www.abc-dessin-peinture.com\/index.php\/wp-json\/wp\/v2\/pages\/5\/revisions\/700"}],"wp:attachment":[{"href":"https:\/\/www.abc-dessin-peinture.com\/index.php\/wp-json\/wp\/v2\/media?parent=5"}],"curies":[{"name":"wp","href":"https:\/\/api.w.org\/{rel}","templated":true}]}}