{"id":437,"date":"2019-01-09T11:39:42","date_gmt":"2019-01-09T10:39:42","guid":{"rendered":"http:\/\/www.abc-dessin-peinture.com\/?page_id=437"},"modified":"2019-01-13T20:20:43","modified_gmt":"2019-01-13T19:20:43","slug":"presse","status":"publish","type":"page","link":"https:\/\/www.abc-dessin-peinture.com\/index.php\/presse\/","title":{"rendered":""},"content":{"rendered":"<h1>Article dans <em>Pratique des Arts<\/em> n\u00b010 &#8211; Sp\u00e9cial Huile<\/h1>\n<p><img fetchpriority=\"high\" decoding=\"async\" class=\"alignnone wp-image-561\" src=\"https:\/\/www.abc-dessin-peinture.com\/wp-content\/uploads\/2019\/01\/Double-page-300x171.jpg\" alt=\"\" width=\"968\" height=\"552\" srcset=\"https:\/\/www.abc-dessin-peinture.com\/wp-content\/uploads\/2019\/01\/Double-page-300x171.jpg 300w, https:\/\/www.abc-dessin-peinture.com\/wp-content\/uploads\/2019\/01\/Double-page-768x438.jpg 768w, https:\/\/www.abc-dessin-peinture.com\/wp-content\/uploads\/2019\/01\/Double-page-1024x584.jpg 1024w\" sizes=\"(max-width: 968px) 100vw, 968px\" \/><\/p>\n<p><img decoding=\"async\" class=\"wp-image-560 alignleft\" src=\"https:\/\/www.abc-dessin-peinture.com\/wp-content\/uploads\/2019\/01\/Couverture-232x300.jpg\" alt=\"\" width=\"84\" height=\"108\" srcset=\"https:\/\/www.abc-dessin-peinture.com\/wp-content\/uploads\/2019\/01\/Couverture-232x300.jpg 232w, https:\/\/www.abc-dessin-peinture.com\/wp-content\/uploads\/2019\/01\/Couverture-768x994.jpg 768w, https:\/\/www.abc-dessin-peinture.com\/wp-content\/uploads\/2019\/01\/Couverture-791x1024.jpg 791w\" sizes=\"(max-width: 84px) 100vw, 84px\" \/><a href=\"https:\/\/fr.divertistore.com\/beaux-arts\/magazines-beaux-arts\/pratique-des-arts\/cahier-special-huile-10-pratique-des-arts.html\">Hygelin, Audrey, (2018, Oct.-Novembre). \u00ab\u00a0Dans l&rsquo;atelier de Nadine Denjean\u00a0\u00bb. Pratique des Arts, no 10 (num\u00e9ro sp\u00e9cial : Sp\u00e9cial Huile), p. 4-7.<\/a><\/p>\n","protected":false},"excerpt":{"rendered":"<p>Article dans Pratique des Arts n\u00b010 &#8211; Sp\u00e9cial Huile Hygelin, Audrey, (2018, Oct.-Novembre). \u00ab\u00a0Dans l&rsquo;atelier de Nadine Denjean\u00a0\u00bb. Pratique des Arts, no 10 (num\u00e9ro sp\u00e9cial : Sp\u00e9cial Huile), p. 4-7.<\/p>\n","protected":false},"author":1,"featured_media":0,"parent":0,"menu_order":0,"comment_status":"closed","ping_status":"closed","template":"","meta":{"footnotes":""},"class_list":["post-437","page","type-page","status-publish"],"yoast_head":"<!-- This site is optimized with the Yoast SEO plugin v25.5 - https:\/\/yoast.com\/wordpress\/plugins\/seo\/ -->\n<title>abc-dessin-peinture<\/title>\n<meta name=\"description\" content=\"Suivre abc-dessin-peinture dans la presse ! Trouvez les news de l&#039;atelier dans le magazine Pratique des Arts n\u00b010 sp\u00e9cial huile.\" \/>\n<meta name=\"robots\" content=\"index, follow, max-snippet:-1, max-image-preview:large, max-video-preview:-1\" \/>\n<link rel=\"canonical\" href=\"https:\/\/www.abc-dessin-peinture.com\/index.php\/presse\/\" \/>\n<meta property=\"og:locale\" content=\"fr_FR\" \/>\n<meta property=\"og:type\" content=\"article\" \/>\n<meta property=\"og:title\" content=\"abc-dessin-peinture\" \/>\n<meta property=\"og:description\" content=\"Suivre abc-dessin-peinture dans la presse ! Trouvez les news de l&#039;atelier dans le magazine Pratique des Arts n\u00b010 sp\u00e9cial huile.\" \/>\n<meta property=\"og:url\" content=\"https:\/\/www.abc-dessin-peinture.com\/index.php\/presse\/\" \/>\n<meta property=\"og:site_name\" content=\"abc-dessin-peinture\" \/>\n<meta property=\"article:publisher\" content=\"https:\/\/www.facebook.com\/pages\/category\/Performing-Arts-School\/Abc-dessin-peinture-1600421256882663\/\" \/>\n<meta property=\"article:modified_time\" content=\"2019-01-13T19:20:43+00:00\" \/>\n<meta property=\"og:image\" content=\"https:\/\/www.abc-dessin-peinture.com\/wp-content\/uploads\/2019\/01\/Double-page-300x171.jpg\" \/>\n<meta name=\"twitter:card\" content=\"summary_large_image\" \/>\n<script type=\"application\/ld+json\" class=\"yoast-schema-graph\">{\"@context\":\"https:\/\/schema.org\",\"@graph\":[{\"@type\":\"WebPage\",\"@id\":\"https:\/\/www.abc-dessin-peinture.com\/index.php\/presse\/\",\"url\":\"https:\/\/www.abc-dessin-peinture.com\/index.php\/presse\/\",\"name\":\"abc-dessin-peinture\",\"isPartOf\":{\"@id\":\"https:\/\/www.abc-dessin-peinture.com\/#website\"},\"primaryImageOfPage\":{\"@id\":\"https:\/\/www.abc-dessin-peinture.com\/index.php\/presse\/#primaryimage\"},\"image\":{\"@id\":\"https:\/\/www.abc-dessin-peinture.com\/index.php\/presse\/#primaryimage\"},\"thumbnailUrl\":\"https:\/\/www.abc-dessin-peinture.com\/wp-content\/uploads\/2019\/01\/Double-page-300x171.jpg\",\"datePublished\":\"2019-01-09T10:39:42+00:00\",\"dateModified\":\"2019-01-13T19:20:43+00:00\",\"description\":\"Suivre abc-dessin-peinture dans la presse ! Trouvez les news de l'atelier dans le magazine Pratique des Arts n\u00b010 sp\u00e9cial huile.\",\"inLanguage\":\"fr-FR\",\"potentialAction\":[{\"@type\":\"ReadAction\",\"target\":[\"https:\/\/www.abc-dessin-peinture.com\/index.php\/presse\/\"]}]},{\"@type\":\"ImageObject\",\"inLanguage\":\"fr-FR\",\"@id\":\"https:\/\/www.abc-dessin-peinture.com\/index.php\/presse\/#primaryimage\",\"url\":\"https:\/\/www.abc-dessin-peinture.com\/wp-content\/uploads\/2019\/01\/Double-page.jpg\",\"contentUrl\":\"https:\/\/www.abc-dessin-peinture.com\/wp-content\/uploads\/2019\/01\/Double-page.jpg\",\"width\":3600,\"height\":2054},{\"@type\":\"WebSite\",\"@id\":\"https:\/\/www.abc-dessin-peinture.com\/#website\",\"url\":\"https:\/\/www.abc-dessin-peinture.com\/\",\"name\":\"abc-dessin-peinture\",\"description\":\"\",\"publisher\":{\"@id\":\"https:\/\/www.abc-dessin-peinture.com\/#organization\"},\"potentialAction\":[{\"@type\":\"SearchAction\",\"target\":{\"@type\":\"EntryPoint\",\"urlTemplate\":\"https:\/\/www.abc-dessin-peinture.com\/?s={search_term_string}\"},\"query-input\":{\"@type\":\"PropertyValueSpecification\",\"valueRequired\":true,\"valueName\":\"search_term_string\"}}],\"inLanguage\":\"fr-FR\"},{\"@type\":\"Organization\",\"@id\":\"https:\/\/www.abc-dessin-peinture.com\/#organization\",\"name\":\"abc dessin peinture\",\"url\":\"https:\/\/www.abc-dessin-peinture.com\/\",\"logo\":{\"@type\":\"ImageObject\",\"inLanguage\":\"fr-FR\",\"@id\":\"https:\/\/www.abc-dessin-peinture.com\/#\/schema\/logo\/image\/\",\"url\":\"https:\/\/www.abc-dessin-peinture.com\/wp-content\/uploads\/2018\/12\/cropped-logo1.png\",\"contentUrl\":\"https:\/\/www.abc-dessin-peinture.com\/wp-content\/uploads\/2018\/12\/cropped-logo1.png\",\"width\":405,\"height\":87,\"caption\":\"abc dessin peinture\"},\"image\":{\"@id\":\"https:\/\/www.abc-dessin-peinture.com\/#\/schema\/logo\/image\/\"},\"sameAs\":[\"https:\/\/www.facebook.com\/pages\/category\/Performing-Arts-School\/Abc-dessin-peinture-1600421256882663\/\"]}]}<\/script>\n<!-- \/ Yoast SEO plugin. -->","yoast_head_json":{"title":"abc-dessin-peinture","description":"Suivre abc-dessin-peinture dans la presse ! Trouvez les news de l'atelier dans le magazine Pratique des Arts n\u00b010 sp\u00e9cial huile.","robots":{"index":"index","follow":"follow","max-snippet":"max-snippet:-1","max-image-preview":"max-image-preview:large","max-video-preview":"max-video-preview:-1"},"canonical":"https:\/\/www.abc-dessin-peinture.com\/index.php\/presse\/","og_locale":"fr_FR","og_type":"article","og_title":"abc-dessin-peinture","og_description":"Suivre abc-dessin-peinture dans la presse ! Trouvez les news de l'atelier dans le magazine Pratique des Arts n\u00b010 sp\u00e9cial huile.","og_url":"https:\/\/www.abc-dessin-peinture.com\/index.php\/presse\/","og_site_name":"abc-dessin-peinture","article_publisher":"https:\/\/www.facebook.com\/pages\/category\/Performing-Arts-School\/Abc-dessin-peinture-1600421256882663\/","article_modified_time":"2019-01-13T19:20:43+00:00","og_image":[{"url":"https:\/\/www.abc-dessin-peinture.com\/wp-content\/uploads\/2019\/01\/Double-page-300x171.jpg","type":"","width":"","height":""}],"twitter_card":"summary_large_image","schema":{"@context":"https:\/\/schema.org","@graph":[{"@type":"WebPage","@id":"https:\/\/www.abc-dessin-peinture.com\/index.php\/presse\/","url":"https:\/\/www.abc-dessin-peinture.com\/index.php\/presse\/","name":"abc-dessin-peinture","isPartOf":{"@id":"https:\/\/www.abc-dessin-peinture.com\/#website"},"primaryImageOfPage":{"@id":"https:\/\/www.abc-dessin-peinture.com\/index.php\/presse\/#primaryimage"},"image":{"@id":"https:\/\/www.abc-dessin-peinture.com\/index.php\/presse\/#primaryimage"},"thumbnailUrl":"https:\/\/www.abc-dessin-peinture.com\/wp-content\/uploads\/2019\/01\/Double-page-300x171.jpg","datePublished":"2019-01-09T10:39:42+00:00","dateModified":"2019-01-13T19:20:43+00:00","description":"Suivre abc-dessin-peinture dans la presse ! Trouvez les news de l'atelier dans le magazine Pratique des Arts n\u00b010 sp\u00e9cial huile.","inLanguage":"fr-FR","potentialAction":[{"@type":"ReadAction","target":["https:\/\/www.abc-dessin-peinture.com\/index.php\/presse\/"]}]},{"@type":"ImageObject","inLanguage":"fr-FR","@id":"https:\/\/www.abc-dessin-peinture.com\/index.php\/presse\/#primaryimage","url":"https:\/\/www.abc-dessin-peinture.com\/wp-content\/uploads\/2019\/01\/Double-page.jpg","contentUrl":"https:\/\/www.abc-dessin-peinture.com\/wp-content\/uploads\/2019\/01\/Double-page.jpg","width":3600,"height":2054},{"@type":"WebSite","@id":"https:\/\/www.abc-dessin-peinture.com\/#website","url":"https:\/\/www.abc-dessin-peinture.com\/","name":"abc-dessin-peinture","description":"","publisher":{"@id":"https:\/\/www.abc-dessin-peinture.com\/#organization"},"potentialAction":[{"@type":"SearchAction","target":{"@type":"EntryPoint","urlTemplate":"https:\/\/www.abc-dessin-peinture.com\/?s={search_term_string}"},"query-input":{"@type":"PropertyValueSpecification","valueRequired":true,"valueName":"search_term_string"}}],"inLanguage":"fr-FR"},{"@type":"Organization","@id":"https:\/\/www.abc-dessin-peinture.com\/#organization","name":"abc dessin peinture","url":"https:\/\/www.abc-dessin-peinture.com\/","logo":{"@type":"ImageObject","inLanguage":"fr-FR","@id":"https:\/\/www.abc-dessin-peinture.com\/#\/schema\/logo\/image\/","url":"https:\/\/www.abc-dessin-peinture.com\/wp-content\/uploads\/2018\/12\/cropped-logo1.png","contentUrl":"https:\/\/www.abc-dessin-peinture.com\/wp-content\/uploads\/2018\/12\/cropped-logo1.png","width":405,"height":87,"caption":"abc dessin peinture"},"image":{"@id":"https:\/\/www.abc-dessin-peinture.com\/#\/schema\/logo\/image\/"},"sameAs":["https:\/\/www.facebook.com\/pages\/category\/Performing-Arts-School\/Abc-dessin-peinture-1600421256882663\/"]}]}},"_links":{"self":[{"href":"https:\/\/www.abc-dessin-peinture.com\/index.php\/wp-json\/wp\/v2\/pages\/437","targetHints":{"allow":["GET"]}}],"collection":[{"href":"https:\/\/www.abc-dessin-peinture.com\/index.php\/wp-json\/wp\/v2\/pages"}],"about":[{"href":"https:\/\/www.abc-dessin-peinture.com\/index.php\/wp-json\/wp\/v2\/types\/page"}],"author":[{"embeddable":true,"href":"https:\/\/www.abc-dessin-peinture.com\/index.php\/wp-json\/wp\/v2\/users\/1"}],"replies":[{"embeddable":true,"href":"https:\/\/www.abc-dessin-peinture.com\/index.php\/wp-json\/wp\/v2\/comments?post=437"}],"version-history":[{"count":9,"href":"https:\/\/www.abc-dessin-peinture.com\/index.php\/wp-json\/wp\/v2\/pages\/437\/revisions"}],"predecessor-version":[{"id":569,"href":"https:\/\/www.abc-dessin-peinture.com\/index.php\/wp-json\/wp\/v2\/pages\/437\/revisions\/569"}],"wp:attachment":[{"href":"https:\/\/www.abc-dessin-peinture.com\/index.php\/wp-json\/wp\/v2\/media?parent=437"}],"curies":[{"name":"wp","href":"https:\/\/api.w.org\/{rel}","templated":true}]}}